{"id":393,"date":"2025-11-03T08:56:07","date_gmt":"2025-11-03T08:56:07","guid":{"rendered":"https:\/\/casiad.net\/?page_id=393"},"modified":"2025-11-03T11:15:51","modified_gmt":"2025-11-03T11:15:51","slug":"akpera","status":"publish","type":"page","link":"https:\/\/casiad.net\/index.php\/akpera\/","title":{"rendered":"Akpera-"},"content":{"rendered":"\n<div class=\"wp-block-group is-nowrap is-layout-flex wp-container-core-group-is-layout-5ac5d373 wp-block-group-is-layout-flex\" style=\"border-style:none;border-width:0px;border-radius:100px;min-height:0px;margin-top:0;margin-bottom:0;padding-top:var(--wp--preset--spacing--superbspacing-small);padding-right:var(--wp--preset--spacing--superbspacing-small);padding-bottom:var(--wp--preset--spacing--superbspacing-small);padding-left:var(--wp--preset--spacing--superbspacing-small)\">\n<figure class=\"wp-block-image size-full is-resized has-custom-border\"><img fetchpriority=\"high\" decoding=\"async\" width=\"1024\" height=\"1024\" src=\"https:\/\/casiad.net\/wp-content\/uploads\/2025\/11\/ChatGPT-Image-18-Eyl-2025-14_16_21-1.png\" alt=\"\" class=\"has-border-color has-primary-border-color wp-image-355\" style=\"border-width:1px;box-shadow:var(--wp--preset--shadow--crisp);width:1500px\" srcset=\"https:\/\/casiad.net\/wp-content\/uploads\/2025\/11\/ChatGPT-Image-18-Eyl-2025-14_16_21-1.png 1024w, https:\/\/casiad.net\/wp-content\/uploads\/2025\/11\/ChatGPT-Image-18-Eyl-2025-14_16_21-1-300x300.png 300w, https:\/\/casiad.net\/wp-content\/uploads\/2025\/11\/ChatGPT-Image-18-Eyl-2025-14_16_21-1-150x150.png 150w, https:\/\/casiad.net\/wp-content\/uploads\/2025\/11\/ChatGPT-Image-18-Eyl-2025-14_16_21-1-768x768.png 768w\" sizes=\"(max-width: 1024px) 100vw, 1024px\" \/><\/figure>\n\n\n\n<p><br><strong><mark style=\"background-color:rgba(0, 0, 0, 0)\" class=\"has-inline-color has-primary-color\">Faaliyet Alan\u0131<br><\/mark><\/strong>&#8211; Lojistik<br><br><strong><mark style=\"background-color:rgba(0, 0, 0, 0)\" class=\"has-inline-color has-primary-color\">\u00dcr\u00fcn Gurubu<br><\/mark><\/strong>&#8211; G\u00fcmr\u00fckl\u00fc, G\u00fcmr\u00fcks\u00fcz depolama faaliyetleri<br><br><strong><mark style=\"background-color:rgba(0, 0, 0, 0)\" class=\"has-inline-color has-primary-color\">Adres<\/mark><\/strong><br>&#8211; Muratbey,Fabrikalar cd.Merkez mah.No:10\/A .\u00c7atalca.B\u00fcy\u00fck\u00e7ekmece\/\u0130ST<br><br><strong><mark style=\"background-color:rgba(0, 0, 0, 0)\" class=\"has-inline-color has-primary-color\">Telefon<\/mark><\/strong><br> +90 (212) 866 1505<br><br><strong><mark style=\"background-color:rgba(0, 0, 0, 0)\" class=\"has-inline-color has-primary-color\">Website<\/mark><\/strong><br>&#8211; <a href=\"https:\/\/www.akpera.com.tr\/\">www.akpera.com.tr<\/a><br><br><br><\/p>\n<\/div>\n","protected":false},"excerpt":{"rendered":"<p>Faaliyet Alan\u0131&#8211; Lojistik \u00dcr\u00fcn Gurubu&#8211; G\u00fcmr\u00fckl\u00fc, G\u00fcmr\u00fcks\u00fcz depolama faaliyetleri Adres&#8211; Muratbey,Fabrikalar cd.Merkez mah.No:10\/A .\u00c7atalca.B\u00fcy\u00fck\u00e7ekmece\/\u0130ST Telefon +90 (212) 866 1505 Website&#8211; www.akpera.com.tr<\/p>\n","protected":false},"author":1,"featured_media":0,"parent":0,"menu_order":0,"comment_status":"closed","ping_status":"closed","template":"","meta":{"footnotes":""},"class_list":["post-393","page","type-page","status-publish","hentry"],"_links":{"self":[{"href":"https:\/\/casiad.net\/index.php\/wp-json\/wp\/v2\/pages\/393","targetHints":{"allow":["GET"]}}],"collection":[{"href":"https:\/\/casiad.net\/index.php\/wp-json\/wp\/v2\/pages"}],"about":[{"href":"https:\/\/casiad.net\/index.php\/wp-json\/wp\/v2\/types\/page"}],"author":[{"embeddable":true,"href":"https:\/\/casiad.net\/index.php\/wp-json\/wp\/v2\/users\/1"}],"replies":[{"embeddable":true,"href":"https:\/\/casiad.net\/index.php\/wp-json\/wp\/v2\/comments?post=393"}],"version-history":[{"count":37,"href":"https:\/\/casiad.net\/index.php\/wp-json\/wp\/v2\/pages\/393\/revisions"}],"predecessor-version":[{"id":457,"href":"https:\/\/casiad.net\/index.php\/wp-json\/wp\/v2\/pages\/393\/revisions\/457"}],"wp:attachment":[{"href":"https:\/\/casiad.net\/index.php\/wp-json\/wp\/v2\/media?parent=393"}],"curies":[{"name":"wp","href":"https:\/\/api.w.org\/{rel}","templated":true}]}}